{"id":11,"date":"2023-04-27T08:41:44","date_gmt":"2023-04-27T08:41:44","guid":{"rendered":"https:\/\/oss.uzz.fberg.tuke.sk\/?page_id=11"},"modified":"2026-02-24T06:37:04","modified_gmt":"2026-02-24T06:37:04","slug":"vyskum","status":"publish","type":"page","link":"https:\/\/oss.uzz.fberg.tuke.sk\/index.php\/vyskum\/","title":{"rendered":"V\u00fdskum"},"content":{"rendered":"\n<p><strong><u>Dom\u00e1ce projekty<\/u><\/strong><\/p>\n\n\n\n<p><strong>VEGA 1\/0247\/23<\/strong> <em>\u201eVyu\u017eitie inovat\u00edvnych met\u00f3d z\u00edskavania vybran\u00fdch kritick\u00fdch surov\u00edn z environment\u00e1lnych z\u00e1\u0165a\u017e\u00ed po banskej a \u00fapravn\u00edckej \u010dinnosti\u201c,<\/em> 2023-2025<\/p>\n\n\n\n<p><strong>VEGA&nbsp; 1\/0472\/18<\/strong> \u201e<em>Komplexn\u00e9 vyu\u017eitie sofistikovan\u00fdch pr\u00edstrojov\u00fdch techn\u00edk v mineralurgickom v\u00fdskume\u201c,<\/em>&nbsp; &nbsp;2018 \u2013 2020<strong><\/strong><\/p>\n\n\n\n<p><strong>VEGA 1\/0843\/15 <\/strong><em>\u201eModern\u00e9 met\u00f3dy stanovenia povrchov\u00fdch charakterist\u00edk heterog\u00e9nnych disperzn\u00fdch syst\u00e9mov ako stimul komplexn\u00e9ho vyu\u017eitia jemnozrnn\u00fdch surov\u00edn\u201c<\/em>, 2015-2017<\/p>\n\n\n\n<p><strong>VEGA 1\/1222\/12<\/strong> <em>\u201e\u0160t\u00fadium objemov\u00fdch a povrchov\u00fdch vlastnost\u00ed \u010dast\u00edc energetick\u00fdch popolov a ich vyu\u017eitie pri pr\u00edprave produktov s vy\u0161\u0161ou pridanou hodnotou\u201c,<\/em> 2012-2014<\/p>\n\n\n\n<p><strong>VEGA 1\/0590\/11<\/strong> <em>\u201eOdstra\u0148ovanie nano- a mikro\u010dast\u00edc zo suspenzi\u00ed pou\u017eit\u00edm membr\u00e1nov\u00fdch procesov\u201c, <\/em>2011-2013<\/p>\n\n\n\n<p><strong>VEGA 1\/0752\/10<\/strong> \u201e<em>Anal\u00fdza flota\u010dn\u00fdch vlastnost\u00ed jemnozrnn\u00fdch nerudn\u00fdch surov\u00edn\u201c,<\/em> 2010-2011<\/p>\n\n\n\n<p><strong>VEGA 1\/0165\/09<\/strong> \u201e<em>\u0160t\u00fadium fyzik\u00e1lnych, chemick\u00fdch, mineralogick\u00fdch a technologick\u00fdch vlastnost\u00ed tuh\u00fdch odpadov \u2013 popol\u010dekov zo spa\u013eovania uhlia v tepeln\u00fdch elektr\u00e1r\u0148ach a mo\u017enosti ich vyu\u017eitia ako materi\u00e1lov s vy\u0161\u0161ou pridanou hodnotou<\/em>\u201c, 2009-2011<\/p>\n\n\n\n<p><strong>VEGA 1\/4184\/07<\/strong> <em>\u201eOdstra\u0148ovanie i\u00f3nov kovov n\u00edzkych koncentr\u00e1ci\u00ed z technologick\u00fdch roztokov vyu\u017eit\u00edm hybridn\u00fdch procesov\u201c,<\/em> 2007-2009&nbsp;<\/p>\n\n\n\n<p><strong>VEGA 1\/4362\/07<\/strong> \u201e<em>Vyu\u017eitie informa\u010dn\u00fdch syst\u00e9mov (GIS) v&nbsp;za\u0165a\u017een\u00fdch oblastiach (stredn\u00fd Spi\u0161) pre sledovanie kontamin\u00e1cie p\u00f4d \u0165a\u017ek\u00fdmi kovmi a&nbsp;mo\u017enosti revitaliz\u00e1cie t\u00fdchto oblast\u00ed\u201c<\/em>, 2007-2009<\/p>\n\n\n\n<p><strong>VEGA 1\/3547\/06<\/strong> <em>\u201e\u0160t\u00fadium biopr\u00edstupnosti \u0165a\u017ek\u00fdch kovov v kontaminovan\u00fdch p\u00f4dach a po aplik\u00e1cii zeolitov\u201c,<\/em> 2006-2008<\/p>\n\n\n\n<p><strong>VEGA 1\/3347\/06<\/strong> <em>\u201e\u0160t\u00fadium fyzik\u00e1lnych, chemick\u00fdch a&nbsp;mineralogick\u00fdch vlastnost\u00ed odpadov zo spa\u013eovania hned\u00e9ho a&nbsp;\u010dierneho uhlia&nbsp;vo fluidn\u00fdch spa\u013eovac\u00edch zariadeniach. \u00daprava fluidn\u00fdch popolov l\u00f4\u017eko a&nbsp;\u00falet s&nbsp;cie\u013eom z\u00edskavania \u00fa\u017eitkov\u00fdch zlo\u017eiek pri dodr\u017ean\u00ed environment\u00e1lnych h\u013ead\u00edsk\u201c<\/em>, 2006-2008<\/p>\n\n\n\n<p><strong>VEGA 1\/0124\/03<\/strong> \u201e<em>\u0160t\u00fadium fyzik\u00e1lnych, chemick\u00fdch a mineralogick\u00fdch vlastnost\u00ed fluidn\u00fdch \u010diernouho\u013en\u00fdch popol\u010dekov \u2013 odpadov z&nbsp;energeticky \u2013 a&nbsp;v\u00fdskum aplikovate\u013enosti technologick\u00fdch procesov na z\u00edskavanie \u00fa\u017eitkov\u00fdch zlo\u017eiek z nich, so zameran\u00edm na ich komplexn\u00fa vyu\u017eite\u013enos\u0165 pri zoh\u013eadnen\u00ed environment\u00e1lnych aspektov<\/em>\u201c, 2003-2005<\/p>\n\n\n\n<p><strong>VEGA 1\/7599\/20<\/strong> <em>\u201eV\u00fdskum komplexn\u00e9ho vyu\u017eitia energetick\u00e9ho odpadu \u2013 popol\u010dekov \u2013 na z\u00e1klade detailn\u00e9ho poznania ich vlastnost\u00ed a&nbsp;mo\u017enosti ich zu\u017eitkovania aplik\u00e1ciou \u00fapravn\u00edckych technol\u00f3gi\u00ed\u201c<\/em> 2000-2002<\/p>\n\n\n\n<p><strong>APVV-21-033<\/strong> &nbsp;\u201e\u0160t\u00fadium koloidov na podporu novej paradigmy \u0161trukt\u00fary hydrofiln\u00fdch medzif\u00e1zov\u00fdch rozhran\u00ed\u201c, 2022-2025<strong><\/strong><\/p>\n\n\n\n<p><strong>APVV-0423-11<\/strong> \u201e<em>Povrchovo-chemick\u00e9 vlastnosti popol\u010dekov a ich vplyv na technick\u00e9 parametre geopolym\u00e9rov\u201c<\/em>, 2013-2015<\/p>\n\n\n\n<p><strong>APVV-0598-07<\/strong> \u201e<em>V\u00fdskum povrchovo-chemick\u00fdch a agrega\u010dn\u00fdch vlastnost\u00ed energetick\u00fdch popol\u010dekov s cie\u013eom komplexn\u00e9ho vyu\u017eitia ich zlo\u017eiek<\/em>\u201c, 2008-2010<\/p>\n\n\n\n<p><strong>APVT- 0068-07<\/strong> <em>\u201eHybridn\u00e1 met\u00f3da odstra\u0148ovania i\u00f3nov kovov n\u00edzkych koncentr\u00e1ci\u00ed z&nbsp;v\u00f4d\u201c,<\/em> 2008-2011<\/p>\n\n\n\n<p><strong>APVV 51-0171-04<\/strong> \u201e<em>Inov\u00e1cia a v\u00fdvoj technol\u00f3gi\u00ed odstra\u0148ovania \u0165a\u017ek\u00fdch kovov z v\u00f4d vyspel\u00fdmi magnetick\u00fdmi nanomateri\u00e1lmi a\u00a0biosorbentami\u201c<\/em>, 2005-2007<\/p>\n\n\n\n<div style=\"height:40px\" aria-hidden=\"true\" class=\"wp-block-spacer\"><\/div>\n\n\n\n<p><strong><u>Zahrani\u010dn\u00e9 projekty &#8211; v\u00fdskumn\u00e9<\/u><\/strong><\/p>\n\n\n\n<p><strong>EIT RawMaterials KAVA<\/strong><\/p>\n\n\n\n<p><strong>BioLeach<\/strong>: Innovative Bio-treatment of RM, 2019 &#8211; 2022<\/p>\n\n\n\n<p><strong>Dynosort<\/strong> &#8211; Dynamic ore sorting of polymetallic stockpiles, 2022-2023<\/p>\n\n\n\n<div style=\"height:40px\" aria-hidden=\"true\" class=\"wp-block-spacer\"><\/div>\n\n\n\n<p><strong><u>Zahrani\u010dn\u00e9 projekty &#8211; eduka\u010dn\u00e9<\/u><\/strong><\/p>\n\n\n\n<p><strong>RMs Manager<\/strong>. Raw Materials Manager Course, 2020-2022<\/p>\n\n\n\n<p><strong>OpESEE.<\/strong> Open ESEE-Region Master for Maintenance Engineering, 2018-2022<\/p>\n\n\n\n<p><strong>TrainESEEv.2.<\/strong> Training trainers in East and South Eastern Europe, 2020-2021<\/p>\n","protected":false},"excerpt":{"rendered":"<p>Dom\u00e1ce projekty VEGA 1\/0247\/23 \u201eVyu\u017eitie inovat\u00edvnych met\u00f3d z\u00edskavania vybran\u00fdch kritick\u00fdch surov\u00edn z environment\u00e1lnych z\u00e1\u0165a\u017e\u00ed po banskej a \u00fapravn\u00edckej \u010dinnosti\u201c, 2023-2025 VEGA&nbsp; 1\/0472\/18 \u201eKomplexn\u00e9 vyu\u017eitie sofistikovan\u00fdch pr\u00edstrojov\u00fdch techn\u00edk v mineralurgickom v\u00fdskume\u201c,&nbsp; &nbsp;2018 \u2013 2020 VEGA 1\/0843\/15 \u201eModern\u00e9 met\u00f3dy stanovenia povrchov\u00fdch charakterist\u00edk&hellip; <\/p>\n","protected":false},"author":1,"featured_media":0,"parent":0,"menu_order":0,"comment_status":"closed","ping_status":"closed","template":"","meta":{"footnotes":""},"class_list":["post-11","page","type-page","status-publish","hentry"],"_links":{"self":[{"href":"https:\/\/oss.uzz.fberg.tuke.sk\/index.php\/wp-json\/wp\/v2\/pages\/11","targetHints":{"allow":["GET"]}}],"collection":[{"href":"https:\/\/oss.uzz.fberg.tuke.sk\/index.php\/wp-json\/wp\/v2\/pages"}],"about":[{"href":"https:\/\/oss.uzz.fberg.tuke.sk\/index.php\/wp-json\/wp\/v2\/types\/page"}],"author":[{"embeddable":true,"href":"https:\/\/oss.uzz.fberg.tuke.sk\/index.php\/wp-json\/wp\/v2\/users\/1"}],"replies":[{"embeddable":true,"href":"https:\/\/oss.uzz.fberg.tuke.sk\/index.php\/wp-json\/wp\/v2\/comments?post=11"}],"version-history":[{"count":2,"href":"https:\/\/oss.uzz.fberg.tuke.sk\/index.php\/wp-json\/wp\/v2\/pages\/11\/revisions"}],"predecessor-version":[{"id":116,"href":"https:\/\/oss.uzz.fberg.tuke.sk\/index.php\/wp-json\/wp\/v2\/pages\/11\/revisions\/116"}],"wp:attachment":[{"href":"https:\/\/oss.uzz.fberg.tuke.sk\/index.php\/wp-json\/wp\/v2\/media?parent=11"}],"curies":[{"name":"wp","href":"https:\/\/api.w.org\/{rel}","templated":true}]}}