{"id":12,"date":"2023-04-27T08:41:44","date_gmt":"2023-04-27T08:41:44","guid":{"rendered":"https:\/\/oss.uzz.fberg.tuke.sk\/?page_id=12"},"modified":"2026-02-24T06:37:04","modified_gmt":"2026-02-24T06:37:04","slug":"vzdelavanie","status":"publish","type":"page","link":"https:\/\/oss.uzz.fberg.tuke.sk\/index.php\/vzdelavanie\/","title":{"rendered":"Vzdel\u00e1vanie"},"content":{"rendered":"\n<p class=\"has-medium-font-size\"><strong>Konzulta\u010dn\u00e9 hodiny<\/strong><\/p>\n\n\n\n<figure class=\"wp-block-image size-full\"><img loading=\"lazy\" decoding=\"async\" width=\"715\" height=\"369\" src=\"https:\/\/oss.uzz.fberg.tuke.sk\/wp-content\/uploads\/2023\/11\/Snimkdda-1.jpg\" alt=\"\" class=\"wp-image-162\" srcset=\"https:\/\/oss.uzz.fberg.tuke.sk\/wp-content\/uploads\/2023\/11\/Snimkdda-1.jpg 715w, https:\/\/oss.uzz.fberg.tuke.sk\/wp-content\/uploads\/2023\/11\/Snimkdda-1-300x155.jpg 300w\" sizes=\"auto, (max-width: 715px) 100vw, 715px\" \/><\/figure>\n\n\n\n<p><\/p>\n\n\n\n<p><\/p>\n\n\n\n<p>Oddelenie spracovania surov\u00edn zabezpe\u010duje vzdel\u00e1vanie v\u00a0nasleduj\u00facich \u0161tudijn\u00fdch programoch:<\/p>\n\n\n\n<p><strong><a href=\"https:\/\/oss.uzz.fberg.tuke.sk\/index.php\/vzdelavanie\/bakalarske-studium\/\">Ochrana \u017eivotn\u00e9ho prostredia a ekotechnol\u00f3gie surov\u00edn (Bc.)<\/a><\/strong><\/p>\n\n\n\n<p><strong><a href=\"https:\/\/oss.uzz.fberg.tuke.sk\/index.php\/vzdelavanie\/inzinierske-studium\/\">Mineralurgia a environment\u00e1lne technol\u00f3gie (Ing.)<\/a><\/strong><\/p>\n\n\n\n<p><strong><a href=\"https:\/\/oss.uzz.fberg.tuke.sk\/index.php\/vzdelavanie\/doktorandske-studium\/\">Mineralurgia a environment\u00e1lne technol\u00f3gie (PhD.)<\/a><\/strong><\/p>\n","protected":false},"excerpt":{"rendered":"<p>Konzulta\u010dn\u00e9 hodiny Oddelenie spracovania surov\u00edn zabezpe\u010duje vzdel\u00e1vanie v\u00a0nasleduj\u00facich \u0161tudijn\u00fdch programoch: Ochrana \u017eivotn\u00e9ho prostredia a ekotechnol\u00f3gie surov\u00edn (Bc.) Mineralurgia a environment\u00e1lne technol\u00f3gie (Ing.) Mineralurgia a environment\u00e1lne technol\u00f3gie (PhD.)<\/p>\n","protected":false},"author":1,"featured_media":0,"parent":0,"menu_order":0,"comment_status":"closed","ping_status":"closed","template":"","meta":{"footnotes":""},"class_list":["post-12","page","type-page","status-publish","hentry"],"_links":{"self":[{"href":"https:\/\/oss.uzz.fberg.tuke.sk\/index.php\/wp-json\/wp\/v2\/pages\/12","targetHints":{"allow":["GET"]}}],"collection":[{"href":"https:\/\/oss.uzz.fberg.tuke.sk\/index.php\/wp-json\/wp\/v2\/pages"}],"about":[{"href":"https:\/\/oss.uzz.fberg.tuke.sk\/index.php\/wp-json\/wp\/v2\/types\/page"}],"author":[{"embeddable":true,"href":"https:\/\/oss.uzz.fberg.tuke.sk\/index.php\/wp-json\/wp\/v2\/users\/1"}],"replies":[{"embeddable":true,"href":"https:\/\/oss.uzz.fberg.tuke.sk\/index.php\/wp-json\/wp\/v2\/comments?post=12"}],"version-history":[{"count":4,"href":"https:\/\/oss.uzz.fberg.tuke.sk\/index.php\/wp-json\/wp\/v2\/pages\/12\/revisions"}],"predecessor-version":[{"id":185,"href":"https:\/\/oss.uzz.fberg.tuke.sk\/index.php\/wp-json\/wp\/v2\/pages\/12\/revisions\/185"}],"wp:attachment":[{"href":"https:\/\/oss.uzz.fberg.tuke.sk\/index.php\/wp-json\/wp\/v2\/media?parent=12"}],"curies":[{"name":"wp","href":"https:\/\/api.w.org\/{rel}","templated":true}]}}