{"id":13,"date":"2023-04-27T08:41:44","date_gmt":"2023-04-27T08:41:44","guid":{"rendered":"https:\/\/oss.uzz.fberg.tuke.sk\/?page_id=13"},"modified":"2026-02-24T06:37:04","modified_gmt":"2026-02-24T06:37:04","slug":"o-nas","status":"publish","type":"page","link":"https:\/\/oss.uzz.fberg.tuke.sk\/","title":{"rendered":"O n\u00e1s"},"content":{"rendered":"\n<p>Oddelenie spracovania surov\u00edn je pracovisko, ktor\u00e9 sa zaober\u00e1 vzdel\u00e1van\u00edm a&nbsp;v\u00fdskumom v&nbsp;oblasti spracovania prim\u00e1rnych a sekund\u00e1rnych surov\u00edn.<\/p>\n\n\n\n<p>Na za\u010diatku cel\u00e9ho procesu spracovania tzv. prim\u00e1rnych surov\u00edn (uhlie, rudy a nerudy) sa spravidla uplat\u0148uj\u00fa technol\u00f3gie maj\u00face za \u00falohu surovinu upravi\u0165 (zu\u0161\u013eachti\u0165). Spolu s r\u00fdchlym celosvetov\u00fdm \u00fabytkom tak\u00fdchto surov\u00edn a s\u00fa\u010dasne s rastom po\u017eiadaviek na ich kvalitu potreba \u00fapravn\u00edckych technol\u00f3gi\u00ed \u2013 ekotechnol\u00f3gi\u00ed nezanik\u00e1. Naopak, o to viac je nutn\u00e9 vyv\u00edja\u0165 a vyu\u017e\u00edva\u0165 dokonalej\u0161ie a t\u00fdm aj efekt\u00edvnej\u0161ie technol\u00f3gie \u00fapravy surov\u00edn, s d\u00f4razom na mo\u017en\u00fd environment\u00e1lny dopad na v\u0161etky zlo\u017eky \u017eivotn\u00e9ho prostredia.<\/p>\n\n\n\n<p>Inov\u00e1cie jestvuj\u00facich fyzik\u00e1lnych \u00fapravn\u00edckych technol\u00f3gii, dnes be\u017ene vyu\u017e\u00edvan\u00fdch, umo\u017e\u0148uj\u00fa presadzovanie technol\u00f3gi\u00ed netradi\u010dn\u00fdch \u2013 zalo\u017een\u00fdch na fyzik\u00e1lno-chemick\u00fdch, chemick\u00fdch a biologick\u00fdch princ\u00edpoch (chemick\u00e9 technol\u00f3gie, biotechnol\u00f3gie, at\u010f.). Spom\u00ednan\u00e9 technol\u00f3gie (vyv\u00edjan\u00e9 a aplikovan\u00e9 pri \u00faprave prim\u00e1rnych surov\u00edn) \u010doraz viac nach\u00e1dzaj\u00fa svoje uplatnenie ako technol\u00f3gie environment\u00e1lne, napr. pri \u00faprave a \u010disten\u00ed v\u00f4d a ovzdu\u0161ia a pri spracovan\u00ed, resp. recykl\u00e1cii odpadov \u2013 sekund\u00e1rnych surov\u00edn, ktor\u00fdch neust\u00e1le prib\u00fada.<\/p>\n\n\n\n<p>Pr\u00edkladom m\u00f4\u017eu by\u0165 recykl\u00e1cie automobilov\u00fdch vrakov, elektronick\u00fdch zariaden\u00ed, ale aj komun\u00e1lneho odpadu vo vyspel\u00fdch spolo\u010dnostiach, vyu\u017e\u00edvaj\u00face tradi\u010dn\u00e9 \u00fapravn\u00edcke technol\u00f3gie. Zvl\u00e1\u0161tnym trendom v s\u00fa\u010dasnosti je nutnos\u0165 \u00fapravy a recykl\u00e1cie ve\u013emi jemnozrnn\u00fdch materi\u00e1lov s ve\u013ek\u00fdm mern\u00fdm povrchom (kaly, prachy, sedimenty, popol\u010deky, at\u010f.), \u010do vy\u017eaduje podrobn\u00e9 vedomosti o povrchov\u00fdch a medzif\u00e1zov\u00fdch javoch. Technol\u00f3gie \u00fapravy surov\u00edn sa takto uplat\u0148uj\u00fa \u010doraz viac v r\u00e1mci cel\u00e9ho procesu spracovania surov\u00edn, t.j. nielen na jeho za\u010diatku, ale aj na konci, umo\u017e\u0148uj\u00fac tak ich maxim\u00e1lne (op\u00e4tovn\u00e9) zhodnotenie v kontexte s\u00fa\u010dasn\u00fdch predst\u00e1v v oblasti ochrany \u017eivotn\u00e9ho prostredia.<\/p>\n\n\n\n<div style=\"height:40px\" aria-hidden=\"true\" class=\"wp-block-spacer\"><\/div>\n\n\n\n<p class=\"has-large-font-size\" style=\"text-decoration:underline\"><strong>Pracovn\u00edci<\/strong><\/p>\n\n\n\n<div style=\"height:20px\" aria-hidden=\"true\" class=\"wp-block-spacer\"><\/div>\n\n\n\n<p class=\"has-large-font-size\"><strong>Ved\u00faca oddelenia<\/strong><\/p>\n\n\n\n<div style=\"height:20px\" aria-hidden=\"true\" class=\"wp-block-spacer\"><\/div>\n\n\n\n<div class=\"wp-block-media-text alignwide is-stacked-on-mobile is-vertically-aligned-top\" style=\"grid-template-columns:30% auto\"><figure class=\"wp-block-media-text__media\"><img loading=\"lazy\" decoding=\"async\" width=\"180\" height=\"180\" src=\"https:\/\/oss.uzz.fberg.tuke.sk\/wp-content\/uploads\/2023\/04\/Kozakova_Lubica.png\" alt=\"\" class=\"wp-image-36 size-full\" srcset=\"https:\/\/oss.uzz.fberg.tuke.sk\/wp-content\/uploads\/2023\/04\/Kozakova_Lubica.png 180w, https:\/\/oss.uzz.fberg.tuke.sk\/wp-content\/uploads\/2023\/04\/Kozakova_Lubica-150x150.png 150w\" sizes=\"auto, (max-width: 180px) 100vw, 180px\" \/><\/figure><div class=\"wp-block-media-text__content\">\n<p><strong>doc. Ing. \u013dubica Koz\u00e1kov\u00e1, PhD.<\/strong><br>Park Komensk\u00e9ho 19, \u010d. d. 054<br>Mail: lubica.kozakova@tuke.sk<br>Tel: +421 55 602 2990<br> <a href=\"https:\/\/orcid.org\/0000-0001-7685-0077\">https:\/\/orcid.org\/0000-0001-7685-0077<\/a><br><br><\/p>\n<\/div><\/div>\n\n\n\n<div style=\"height:60px\" aria-hidden=\"true\" class=\"wp-block-spacer\"><\/div>\n\n\n\n<p class=\"has-large-font-size\"><strong>Pracovn\u00edci<\/strong><\/p>\n\n\n\n<div style=\"height:20px\" aria-hidden=\"true\" class=\"wp-block-spacer\"><\/div>\n\n\n\n<div class=\"wp-block-media-text alignwide is-stacked-on-mobile is-vertically-aligned-top\" style=\"grid-template-columns:30% auto\"><figure class=\"wp-block-media-text__media\"><img loading=\"lazy\" decoding=\"async\" width=\"683\" height=\"1024\" src=\"https:\/\/oss.uzz.fberg.tuke.sk\/wp-content\/uploads\/2023\/06\/Martin-Sisol-683x1024.jpg\" alt=\"\" class=\"wp-image-132 size-full\" srcset=\"https:\/\/oss.uzz.fberg.tuke.sk\/wp-content\/uploads\/2023\/06\/Martin-Sisol-683x1024.jpg 683w, https:\/\/oss.uzz.fberg.tuke.sk\/wp-content\/uploads\/2023\/06\/Martin-Sisol-200x300.jpg 200w, https:\/\/oss.uzz.fberg.tuke.sk\/wp-content\/uploads\/2023\/06\/Martin-Sisol-768x1152.jpg 768w, https:\/\/oss.uzz.fberg.tuke.sk\/wp-content\/uploads\/2023\/06\/Martin-Sisol-1024x1536.jpg 1024w, https:\/\/oss.uzz.fberg.tuke.sk\/wp-content\/uploads\/2023\/06\/Martin-Sisol.jpg 1100w\" sizes=\"auto, (max-width: 683px) 100vw, 683px\" \/><\/figure><div class=\"wp-block-media-text__content\">\n<p><strong>prof. Ing. Martin Sisol, PhD.<\/strong><br>Park Komensk\u00e9ho 19, \u010d. d. 042<br>E-Mail: martin.sisol@tuke.sk<br>Tel: +421 (55) 602 2958<br><a href=\"https:\/\/orcid.org\/0000-0003-2210-7012\">https:\/\/orcid.org\/0000-0003-2210-7012<\/a><br><\/p>\n\n\n\n<p><\/p>\n<\/div><\/div>\n\n\n\n<div style=\"height:40px\" aria-hidden=\"true\" class=\"wp-block-spacer\"><\/div>\n\n\n\n<div class=\"wp-block-media-text alignwide is-stacked-on-mobile is-vertically-aligned-top\" style=\"grid-template-columns:30% auto\"><figure class=\"wp-block-media-text__media\"><img loading=\"lazy\" decoding=\"async\" width=\"180\" height=\"180\" src=\"https:\/\/oss.uzz.fberg.tuke.sk\/wp-content\/uploads\/2023\/04\/Jiri_Skvarla.jpg\" alt=\"\" class=\"wp-image-34 size-full\" srcset=\"https:\/\/oss.uzz.fberg.tuke.sk\/wp-content\/uploads\/2023\/04\/Jiri_Skvarla.jpg 180w, https:\/\/oss.uzz.fberg.tuke.sk\/wp-content\/uploads\/2023\/04\/Jiri_Skvarla-150x150.jpg 150w\" sizes=\"auto, (max-width: 180px) 100vw, 180px\" \/><\/figure><div class=\"wp-block-media-text__content\">\n<p><strong>prof. Ing. Ji\u0159\u00ed \u0160kvarla, CSc.<\/strong><br>Park Komensk\u00e9ho 19, \u010d. d. 051, 055<br>E-Mail: jiri.skvarla@tuke.sk<br>Tel: +421 55 602 2962<br><a rel=\"noreferrer noopener\" href=\"https:\/\/orcid.org\/0000-0002-2860-1305\" target=\"_blank\">https:\/\/orcid.org\/0000-0002-2860-1305<\/a>      <br><\/p>\n\n\n\n<p><\/p>\n<\/div><\/div>\n\n\n\n<div style=\"height:40px\" aria-hidden=\"true\" class=\"wp-block-spacer\"><\/div>\n\n\n\n<div class=\"wp-block-media-text alignwide is-stacked-on-mobile is-vertically-aligned-top\" style=\"grid-template-columns:30% auto\"><figure class=\"wp-block-media-text__media\"><img loading=\"lazy\" decoding=\"async\" width=\"226\" height=\"303\" src=\"https:\/\/oss.uzz.fberg.tuke.sk\/wp-content\/uploads\/2023\/06\/Tomas-Bakalar.jpg\" alt=\"\" class=\"wp-image-134 size-full\" srcset=\"https:\/\/oss.uzz.fberg.tuke.sk\/wp-content\/uploads\/2023\/06\/Tomas-Bakalar.jpg 226w, https:\/\/oss.uzz.fberg.tuke.sk\/wp-content\/uploads\/2023\/06\/Tomas-Bakalar-224x300.jpg 224w\" sizes=\"auto, (max-width: 226px) 100vw, 226px\" \/><\/figure><div class=\"wp-block-media-text__content\">\n<p><strong><strong><strong>prof. Ing. Tom\u00e1\u0161 Bakal\u00e1r, PhD.<\/strong>, Ing-Paed.IGIP<br><\/strong><\/strong>Park Komensk\u00e9ho 19, \u010d. d. 056<br>Mail: tomas.bakalar@tuke.sk<br>Tel: +421 55 602 2958<br><a href=\"https:\/\/orcid.org\/0000-0002-6985-9935\">https:\/\/orcid.org\/0000-0002-6985-9935<\/a> <br><\/p>\n<\/div><\/div>\n\n\n\n<div style=\"height:40px\" aria-hidden=\"true\" class=\"wp-block-spacer\"><\/div>\n\n\n\n<div class=\"wp-block-media-text alignwide is-stacked-on-mobile is-vertically-aligned-top\" style=\"grid-template-columns:30% auto\"><figure class=\"wp-block-media-text__media\"><img loading=\"lazy\" decoding=\"async\" width=\"420\" height=\"544\" src=\"https:\/\/oss.uzz.fberg.tuke.sk\/wp-content\/uploads\/2023\/06\/Maria-Kanuchova.jpg\" alt=\"\" class=\"wp-image-135 size-full\" srcset=\"https:\/\/oss.uzz.fberg.tuke.sk\/wp-content\/uploads\/2023\/06\/Maria-Kanuchova.jpg 420w, https:\/\/oss.uzz.fberg.tuke.sk\/wp-content\/uploads\/2023\/06\/Maria-Kanuchova-232x300.jpg 232w\" sizes=\"auto, (max-width: 420px) 100vw, 420px\" \/><\/figure><div class=\"wp-block-media-text__content\">\n<p><strong>doc.<\/strong> <strong><strong>Mgr. M\u00e1ria Ka\u0148uchov\u00e1, PhD.<\/strong><br><\/strong>Park Komensk\u00e9ho 19, \u010d. d. 054<br>Mail: maria.kanuchova@tuke.sk<br>Tel: +421 55 602 2990<br><a href=\"https:\/\/orcid.org\/0000-0001-8947-8382\">https:\/\/orcid.org\/0000-0001-8947-8382<\/a><br><\/p>\n<\/div><\/div>\n\n\n\n<div style=\"height:40px\" aria-hidden=\"true\" class=\"wp-block-spacer\"><\/div>\n\n\n\n<div class=\"wp-block-media-text alignwide is-stacked-on-mobile is-vertically-aligned-top\" style=\"grid-template-columns:30% auto\"><figure class=\"wp-block-media-text__media\"><img loading=\"lazy\" decoding=\"async\" width=\"352\" height=\"289\" src=\"https:\/\/oss.uzz.fberg.tuke.sk\/wp-content\/uploads\/2023\/06\/prazdne.jpg\" alt=\"\" class=\"wp-image-104 size-full\" srcset=\"https:\/\/oss.uzz.fberg.tuke.sk\/wp-content\/uploads\/2023\/06\/prazdne.jpg 352w, https:\/\/oss.uzz.fberg.tuke.sk\/wp-content\/uploads\/2023\/06\/prazdne-300x246.jpg 300w\" sizes=\"auto, (max-width: 352px) 100vw, 352px\" \/><\/figure><div class=\"wp-block-media-text__content\">\n<p><strong>doc.<\/strong> <strong><strong>Ing. Martina Laubertov\u00e1, PhD.<\/strong><br><\/strong>Park Komensk\u00e9ho 19, \u010d. d. <br>Mail: martina.laubertova@tuke.sk<br>Tel: +421 55 602 2983<br><\/p>\n<\/div><\/div>\n\n\n\n<div style=\"height:40px\" aria-hidden=\"true\" class=\"wp-block-spacer\"><\/div>\n\n\n\n<div class=\"wp-block-media-text alignwide is-stacked-on-mobile is-vertically-aligned-top\" style=\"grid-template-columns:30% auto\"><figure class=\"wp-block-media-text__media\"><img loading=\"lazy\" decoding=\"async\" width=\"468\" height=\"438\" src=\"https:\/\/oss.uzz.fberg.tuke.sk\/wp-content\/uploads\/2023\/06\/Michal-Marcin.jpg\" alt=\"\" class=\"wp-image-136 size-full\" srcset=\"https:\/\/oss.uzz.fberg.tuke.sk\/wp-content\/uploads\/2023\/06\/Michal-Marcin.jpg 468w, https:\/\/oss.uzz.fberg.tuke.sk\/wp-content\/uploads\/2023\/06\/Michal-Marcin-300x281.jpg 300w\" sizes=\"auto, (max-width: 468px) 100vw, 468px\" \/><\/figure><div class=\"wp-block-media-text__content\">\n<p><strong><strong><strong>Ing. Michal Marcin<\/strong><\/strong>, PhD.<br><\/strong>Park Komensk\u00e9ho 19, \u010d. d. 053<br>Mail: michal.marcin@tuke.sk<br>Tel: +421 55 602 2992<br><a href=\"https:\/\/orcid.org\/0000-0002-3800-7203\">https:\/\/orcid.org\/0000-0002-3800-7203<\/a><\/p>\n\n\n\n<p><\/p>\n<\/div><\/div>\n\n\n\n<div style=\"height:40px\" aria-hidden=\"true\" class=\"wp-block-spacer\"><\/div>\n\n\n\n<div class=\"wp-block-media-text alignwide is-stacked-on-mobile is-vertically-aligned-top\" style=\"grid-template-columns:30% auto\"><figure class=\"wp-block-media-text__media\"><img loading=\"lazy\" decoding=\"async\" width=\"809\" height=\"1024\" src=\"https:\/\/oss.uzz.fberg.tuke.sk\/wp-content\/uploads\/2023\/06\/Anna-Girova-809x1024.jpg\" alt=\"\" class=\"wp-image-139 size-full\" srcset=\"https:\/\/oss.uzz.fberg.tuke.sk\/wp-content\/uploads\/2023\/06\/Anna-Girova-809x1024.jpg 809w, https:\/\/oss.uzz.fberg.tuke.sk\/wp-content\/uploads\/2023\/06\/Anna-Girova-237x300.jpg 237w, https:\/\/oss.uzz.fberg.tuke.sk\/wp-content\/uploads\/2023\/06\/Anna-Girova-768x972.jpg 768w, https:\/\/oss.uzz.fberg.tuke.sk\/wp-content\/uploads\/2023\/06\/Anna-Girova-1214x1536.jpg 1214w, https:\/\/oss.uzz.fberg.tuke.sk\/wp-content\/uploads\/2023\/06\/Anna-Girova-1619x2048.jpg 1619w, https:\/\/oss.uzz.fberg.tuke.sk\/wp-content\/uploads\/2023\/06\/Anna-Girova-scaled.jpg 2023w\" sizes=\"auto, (max-width: 809px) 100vw, 809px\" \/><\/figure><div class=\"wp-block-media-text__content\">\n<p><strong><strong><strong><strong>Ing. Anna Girov\u00e1, PhD.<\/strong><\/strong> <\/strong><\/strong>&#8211; &nbsp;vedecko-technick\u00fd pracovn\u00edk<strong><br><\/strong>Park Komensk\u00e9ho 19, \u010d. d. 055<br>Mail: anna.girova@tuke.sk<br>Tel: +421 55 602 2968<\/p>\n<\/div><\/div>\n\n\n\n<div style=\"height:40px\" aria-hidden=\"true\" class=\"wp-block-spacer\"><\/div>\n\n\n\n<div class=\"wp-block-media-text alignwide is-stacked-on-mobile is-vertically-aligned-top\" style=\"grid-template-columns:30% auto\"><figure class=\"wp-block-media-text__media\"><img loading=\"lazy\" decoding=\"async\" width=\"352\" height=\"289\" src=\"https:\/\/oss.uzz.fberg.tuke.sk\/wp-content\/uploads\/2023\/06\/prazdne.jpg\" alt=\"\" class=\"wp-image-104 size-full\" srcset=\"https:\/\/oss.uzz.fberg.tuke.sk\/wp-content\/uploads\/2023\/06\/prazdne.jpg 352w, https:\/\/oss.uzz.fberg.tuke.sk\/wp-content\/uploads\/2023\/06\/prazdne-300x246.jpg 300w\" sizes=\"auto, (max-width: 352px) 100vw, 352px\" \/><\/figure><div class=\"wp-block-media-text__content\">\n<p><strong><strong><strong><strong>Ing. Nikola Otro\u0161inov\u00e1<\/strong><\/strong><\/strong><\/strong> &#8211; \u00a0technik v\u00fdskumu a v\u00fdvoja<strong><br><\/strong>Park Komensk\u00e9ho 19, \u010d. d. 048<br>Mail: nikola.otrosinova@tuke.sk<br>Tel: +421 55 602 2956<\/p>\n<\/div><\/div>\n\n\n\n<div style=\"height:40px\" aria-hidden=\"true\" class=\"wp-block-spacer\"><\/div>\n\n\n\n<div class=\"wp-block-media-text alignwide is-stacked-on-mobile is-vertically-aligned-top\" style=\"grid-template-columns:30% auto\"><figure class=\"wp-block-media-text__media\"><img loading=\"lazy\" decoding=\"async\" width=\"352\" height=\"289\" src=\"https:\/\/oss.uzz.fberg.tuke.sk\/wp-content\/uploads\/2023\/06\/prazdne.jpg\" alt=\"\" class=\"wp-image-104 size-full\" srcset=\"https:\/\/oss.uzz.fberg.tuke.sk\/wp-content\/uploads\/2023\/06\/prazdne.jpg 352w, https:\/\/oss.uzz.fberg.tuke.sk\/wp-content\/uploads\/2023\/06\/prazdne-300x246.jpg 300w\" sizes=\"auto, (max-width: 352px) 100vw, 352px\" \/><\/figure><div class=\"wp-block-media-text__content\">\n<p><strong><strong><strong><strong>Ing. Tom\u00e1\u0161 Tache<\/strong><\/strong><\/strong><\/strong> &#8211; \u00a0technik v\u00fdskumu a v\u00fdvoja<strong><br><\/strong>Park Komensk\u00e9ho 19, \u010d. d. 048<br>Mail: tomas.tache@tuke.sk<br>Tel: +421 55 602 2956<\/p>\n<\/div><\/div>\n\n\n\n<div style=\"height:40px\" aria-hidden=\"true\" class=\"wp-block-spacer\"><\/div>\n\n\n\n<p class=\"has-large-font-size\"><strong>Doktorandi<\/strong><\/p>\n\n\n\n<div style=\"height:20px\" aria-hidden=\"true\" class=\"wp-block-spacer\"><\/div>\n\n\n\n<div class=\"wp-block-media-text alignwide is-stacked-on-mobile is-vertically-aligned-top\" style=\"grid-template-columns:30% auto\"><figure class=\"wp-block-media-text__media\"><img loading=\"lazy\" decoding=\"async\" width=\"352\" height=\"289\" src=\"https:\/\/oss.uzz.fberg.tuke.sk\/wp-content\/uploads\/2023\/06\/prazdne.jpg\" alt=\"\" class=\"wp-image-104 size-full\" srcset=\"https:\/\/oss.uzz.fberg.tuke.sk\/wp-content\/uploads\/2023\/06\/prazdne.jpg 352w, https:\/\/oss.uzz.fberg.tuke.sk\/wp-content\/uploads\/2023\/06\/prazdne-300x246.jpg 300w\" sizes=\"auto, (max-width: 352px) 100vw, 352px\" \/><\/figure><div class=\"wp-block-media-text__content\">\n<p><strong><strong><strong><strong><strong>Ing. Ema G\u00e1novsk\u00e1<\/strong><\/strong><\/strong><\/strong><br><\/strong>Park Komensk\u00e9ho 19, \u010d. d. 053<br>Mail: ema.ganovska@tuke.sk<br>Tel: +421 55 602 2992<\/p>\n<\/div><\/div>\n\n\n\n<div class=\"wp-block-media-text alignwide is-stacked-on-mobile is-vertically-aligned-top\" style=\"grid-template-columns:30% auto\"><figure class=\"wp-block-media-text__media\"><img loading=\"lazy\" decoding=\"async\" width=\"352\" height=\"289\" src=\"https:\/\/oss.uzz.fberg.tuke.sk\/wp-content\/uploads\/2023\/06\/prazdne.jpg\" alt=\"\" class=\"wp-image-104 size-full\" srcset=\"https:\/\/oss.uzz.fberg.tuke.sk\/wp-content\/uploads\/2023\/06\/prazdne.jpg 352w, https:\/\/oss.uzz.fberg.tuke.sk\/wp-content\/uploads\/2023\/06\/prazdne-300x246.jpg 300w\" sizes=\"auto, (max-width: 352px) 100vw, 352px\" \/><\/figure><div class=\"wp-block-media-text__content\">\n<p><strong><strong><strong><strong><strong>Ing. Jakub Kurty<\/strong><\/strong><\/strong><\/strong><br><\/strong>Park Komensk\u00e9ho 19, \u010d. d. 053<br>Mail: jakub.kurty@tuke.sk<br>Tel: +421 55 602 2992<\/p>\n<\/div><\/div>\n","protected":false},"excerpt":{"rendered":"<p>Oddelenie spracovania surov\u00edn je pracovisko, ktor\u00e9 sa zaober\u00e1 vzdel\u00e1van\u00edm a&nbsp;v\u00fdskumom v&nbsp;oblasti spracovania prim\u00e1rnych a sekund\u00e1rnych surov\u00edn. Na za\u010diatku cel\u00e9ho procesu spracovania tzv. prim\u00e1rnych surov\u00edn (uhlie, rudy a nerudy) sa spravidla uplat\u0148uj\u00fa technol\u00f3gie maj\u00face za \u00falohu surovinu upravi\u0165 (zu\u0161\u013eachti\u0165). Spolu s&hellip; <\/p>\n","protected":false},"author":1,"featured_media":0,"parent":0,"menu_order":0,"comment_status":"closed","ping_status":"closed","template":"","meta":{"footnotes":""},"class_list":["post-13","page","type-page","status-publish","hentry"],"_links":{"self":[{"href":"https:\/\/oss.uzz.fberg.tuke.sk\/index.php\/wp-json\/wp\/v2\/pages\/13","targetHints":{"allow":["GET"]}}],"collection":[{"href":"https:\/\/oss.uzz.fberg.tuke.sk\/index.php\/wp-json\/wp\/v2\/pages"}],"about":[{"href":"https:\/\/oss.uzz.fberg.tuke.sk\/index.php\/wp-json\/wp\/v2\/types\/page"}],"author":[{"embeddable":true,"href":"https:\/\/oss.uzz.fberg.tuke.sk\/index.php\/wp-json\/wp\/v2\/users\/1"}],"replies":[{"embeddable":true,"href":"https:\/\/oss.uzz.fberg.tuke.sk\/index.php\/wp-json\/wp\/v2\/comments?post=13"}],"version-history":[{"count":50,"href":"https:\/\/oss.uzz.fberg.tuke.sk\/index.php\/wp-json\/wp\/v2\/pages\/13\/revisions"}],"predecessor-version":[{"id":180,"href":"https:\/\/oss.uzz.fberg.tuke.sk\/index.php\/wp-json\/wp\/v2\/pages\/13\/revisions\/180"}],"wp:attachment":[{"href":"https:\/\/oss.uzz.fberg.tuke.sk\/index.php\/wp-json\/wp\/v2\/media?parent=13"}],"curies":[{"name":"wp","href":"https:\/\/api.w.org\/{rel}","templated":true}]}}