{"id":48,"date":"2023-04-27T09:37:51","date_gmt":"2023-04-27T09:37:51","guid":{"rendered":"https:\/\/oss.uzz.fberg.tuke.sk\/?page_id=48"},"modified":"2026-02-24T06:37:04","modified_gmt":"2026-02-24T06:37:04","slug":"inzinierske-studium","status":"publish","type":"page","link":"https:\/\/oss.uzz.fberg.tuke.sk\/index.php\/vzdelavanie\/inzinierske-studium\/","title":{"rendered":"In\u017einiersky stupe\u0148 \u0161t\u00fadia (Ing.)"},"content":{"rendered":"\n<p>\u0160t\u00fadijn\u00fd program: <strong>Mineralurgia a environment\u00e1lne technol\u00f3gie<\/strong>.<\/p>\n\n\n\n<p><strong>Profil absolventa<\/strong><\/p>\n\n\n\n<p>Absolvent \u0161tudijn\u00e9ho programu ovl\u00e1da najm\u00e4 problematiku \u00fapravy \u2013 zu\u0161\u013eachtenia miner\u00e1lnych (uhlia, rudn\u00fdch a nerudn\u00fdch) surov\u00edn s cie\u013eom ich \u010fal\u0161ieho zu\u017eitkovania v r\u00f4znych oblastiach hospod\u00e1rstva, tak\u017ee je schopn\u00fd \u010diasto\u010dne navrhova\u0165, optimalizova\u0165, kon\u0161truova\u0165 a riadi\u0165 \u00fapravn\u00edcke technol\u00f3gie. S\u00fa\u010dasne m\u00f4\u017ee uplatni\u0165 svoje vedomosti v oblasti environment\u00e1lnych technol\u00f3gi\u00ed (recykl\u00e1cia a spracovanie priemyseln\u00fdch a komun\u00e1lnych odpadov, \u00faprava pitn\u00fdch a \u010distenie odpadov\u00fdch v\u00f4d, odpra\u0161ovanie a \u010distenie priemyseln\u00fdch plynov), ktor\u00e9 vyu\u017e\u00edvaj\u00fa \u00fapravn\u00edcke technol\u00f3gie alebo ich \u010dasti. T\u00fdm absolvent z\u00edskava origin\u00e1lny, jednotn\u00fd a komplexn\u00fd poh\u013ead na problematiku a perspekt\u00edvu fyzik\u00e1lnych, fyzik\u00e1lno-chemick\u00fdch, chemick\u00fdch a biologick\u00fdch procesov vyu\u017e\u00edvan\u00fdch na spracovanie a recykl\u00e1ciu prim\u00e1rnych a sekund\u00e1rnych surov\u00edn.<\/p>\n\n\n\n<p><strong>Uplatnenie absolventov<\/strong><\/p>\n\n\n\n<p>Absolventi nach\u00e1dzaj\u00fa uplatnenie v priemyseln\u00fdch podnikoch a organiz\u00e1ci\u00e1ch, ktor\u00e9 sa zaoberaj\u00fa spracovan\u00edm surov\u00edn, odpadov\u00fdm hospod\u00e1rstvom, monitorovan\u00edm a vyhodnocovan\u00edm stavu \u017eivotn\u00e9ho prostredia a v \u0161t\u00e1tnej spr\u00e1ve \u017eivotn\u00e9ho prostredia.<\/p>\n\n\n\n<p>Absolventi taktie\u017e nach\u00e1dzaj\u00fa uplatnenie v oblastiach spojen\u00fdch s recykl\u00e1ciou zlo\u017eiek priemyseln\u00fdch a komun\u00e1lnych odpadov a so separ\u00e1ciou jemnodisperzn\u00fdch \u010dast\u00edc zachyten\u00fdch ekotechnol\u00f3giami pre ochranu ovzdu\u0161ia a ochranu v\u00f4d.<\/p>\n","protected":false},"excerpt":{"rendered":"<p>\u0160t\u00fadijn\u00fd program: Mineralurgia a environment\u00e1lne technol\u00f3gie. Profil absolventa Absolvent \u0161tudijn\u00e9ho programu ovl\u00e1da najm\u00e4 problematiku \u00fapravy \u2013 zu\u0161\u013eachtenia miner\u00e1lnych (uhlia, rudn\u00fdch a nerudn\u00fdch) surov\u00edn s cie\u013eom ich \u010fal\u0161ieho zu\u017eitkovania v r\u00f4znych oblastiach hospod\u00e1rstva, tak\u017ee je schopn\u00fd \u010diasto\u010dne navrhova\u0165, optimalizova\u0165, kon\u0161truova\u0165 a&hellip; <\/p>\n","protected":false},"author":1,"featured_media":0,"parent":12,"menu_order":0,"comment_status":"closed","ping_status":"closed","template":"","meta":{"footnotes":""},"class_list":["post-48","page","type-page","status-publish","hentry"],"_links":{"self":[{"href":"https:\/\/oss.uzz.fberg.tuke.sk\/index.php\/wp-json\/wp\/v2\/pages\/48","targetHints":{"allow":["GET"]}}],"collection":[{"href":"https:\/\/oss.uzz.fberg.tuke.sk\/index.php\/wp-json\/wp\/v2\/pages"}],"about":[{"href":"https:\/\/oss.uzz.fberg.tuke.sk\/index.php\/wp-json\/wp\/v2\/types\/page"}],"author":[{"embeddable":true,"href":"https:\/\/oss.uzz.fberg.tuke.sk\/index.php\/wp-json\/wp\/v2\/users\/1"}],"replies":[{"embeddable":true,"href":"https:\/\/oss.uzz.fberg.tuke.sk\/index.php\/wp-json\/wp\/v2\/comments?post=48"}],"version-history":[{"count":3,"href":"https:\/\/oss.uzz.fberg.tuke.sk\/index.php\/wp-json\/wp\/v2\/pages\/48\/revisions"}],"predecessor-version":[{"id":130,"href":"https:\/\/oss.uzz.fberg.tuke.sk\/index.php\/wp-json\/wp\/v2\/pages\/48\/revisions\/130"}],"up":[{"embeddable":true,"href":"https:\/\/oss.uzz.fberg.tuke.sk\/index.php\/wp-json\/wp\/v2\/pages\/12"}],"wp:attachment":[{"href":"https:\/\/oss.uzz.fberg.tuke.sk\/index.php\/wp-json\/wp\/v2\/media?parent=48"}],"curies":[{"name":"wp","href":"https:\/\/api.w.org\/{rel}","templated":true}]}}